{"id":902,"date":"2021-04-10T04:07:48","date_gmt":"2021-04-10T04:07:48","guid":{"rendered":"https:\/\/www.amoldequimica.com\/index.php\/about\/"},"modified":"2022-09-07T17:51:07","modified_gmt":"2022-09-07T17:51:07","slug":"acerca-de-mi","status":"publish","type":"page","link":"https:\/\/www.amoldequimica.com\/index.php\/acerca-de-mi\/","title":{"rendered":"Acerca de m\u00ed&#8230;"},"content":{"rendered":"\n<div class=\"inherit-container-width wp-block-group alignfull has-ast-global-color-5-background-color has-background is-layout-constrained wp-block-group-is-layout-constrained\"><div class=\"wp-block-group__inner-container\">\n<div class=\"wp-block-media-text alignwide is-stacked-on-mobile\" style=\"grid-template-columns:24% auto\"><figure class=\"wp-block-media-text__media\"><img loading=\"lazy\" decoding=\"async\" width=\"819\" height=\"1024\" src=\"https:\/\/www.amoldequimica.com\/wp-content\/uploads\/2022\/04\/1650998659835-819x1024.jpg\" alt=\"\" class=\"wp-image-37 size-full\" srcset=\"https:\/\/www.amoldequimica.com\/wp-content\/uploads\/2022\/04\/1650998659835-819x1024.jpg 819w, https:\/\/www.amoldequimica.com\/wp-content\/uploads\/2022\/04\/1650998659835-240x300.jpg 240w, https:\/\/www.amoldequimica.com\/wp-content\/uploads\/2022\/04\/1650998659835-768x960.jpg 768w, https:\/\/www.amoldequimica.com\/wp-content\/uploads\/2022\/04\/1650998659835-1229x1536.jpg 1229w, https:\/\/www.amoldequimica.com\/wp-content\/uploads\/2022\/04\/1650998659835.jpg 1440w\" sizes=\"auto, (max-width: 819px) 100vw, 819px\" \/><\/figure><div class=\"wp-block-media-text__content\">\n<h6 class=\"has-ast-global-color-0-color has-text-color wp-block-heading\">La historia de&#8230;<\/h6>\n\n\n\n<h4 class=\"has-ast-global-color-2-color has-text-color wp-block-heading\">Francisco Moreno Guti\u00e9rrez<\/h4>\n\n\n\n<p>Apasionado de la ciencia, de forma m\u00e1s espec\u00edfica, de la qu\u00edmica.<br>Actualmente embarcado en el dise\u00f1o de mi propia p\u00e1gina web que complementar\u00e1 mi Trabajo de Fin de Grado \u00abHerramientas para la docencia on-line de qu\u00edmica\u00bb. <\/p>\n\n\n\n<p class=\"has-ast-global-color-3-color has-text-color\"><strong>Tras una vida enfocada al deporte y la m\u00fasica, un breve paso por la industria alimentaria, varios a\u00f1os dedicados al estudio del grado, y un TFG relacionado con la docencia, es hora de dar comienzo a la que sin duda es una de mis mayores vocaciones, la ense\u00f1anza.  <\/strong><\/p>\n<\/div><\/div>\n<\/div><\/div>\n\n\n\n<p><\/p>\n\n\n\n<div class=\"inherit-container-width wp-block-group alignfull has-ast-global-color-5-background-color has-background is-layout-constrained wp-block-group-is-layout-constrained\"><div class=\"wp-block-group__inner-container\">\n<h3 class=\"has-text-align-center has-background wp-block-heading\" style=\"background-color:#dfe5fc\">Storyline<\/h3>\n\n\n\n<div class=\"wp-block-columns alignwide is-layout-flex wp-container-core-columns-is-layout-28f84493 wp-block-columns-is-layout-flex\">\n<div class=\"wp-block-column is-layout-flow wp-block-column-is-layout-flow\">\n<h5 class=\"has-text-align-left wp-block-heading\"><strong>2010<\/strong><\/h5>\n\n\n\n<ul class=\"wp-block-list\"><li> T\u00edtulo Grado Elemental Musical Conservatorio Mart\u00edn Codax. <\/li><li>1\u00ba, 2\u00ba y 3er t\u00edtulo de mecanograf\u00eda por ordenador \u201cEscuela Especial Mecanograf\u00eda\u201d.<\/li><\/ul>\n<\/div>\n\n\n\n<div class=\"wp-block-column is-layout-flow wp-block-column-is-layout-flow\">\n<h5 class=\"has-text-align-left wp-block-heading\"><strong>2014<\/strong><\/h5>\n\n\n\n<ul class=\"wp-block-list\"><li>Tercer curso Grado Profesional Musical (Trompeta y Piano) Conservatorio Mart\u00edn Codax.<\/li><li>T\u00edtulo WORD XP \u201cEscuela especial decapacitaci\u00f3n para oficinas\u201d.<\/li><\/ul>\n<\/div>\n\n\n\n<div class=\"wp-block-column is-layout-flow wp-block-column-is-layout-flow\">\n<h5 class=\"has-text-align-left wp-block-heading\"><strong>2015<\/strong><\/h5>\n\n\n\n<ul class=\"wp-block-list\"><li>Obtenci\u00f3n de certificado nivel B1 de Cambridge English.<\/li><\/ul>\n<\/div>\n\n\n\n<div class=\"wp-block-column is-layout-flow wp-block-column-is-layout-flow\">\n<h5 class=\"has-text-align-left wp-block-heading\"><strong>2016<\/strong><\/h5>\n\n\n\n<ul class=\"wp-block-list\"><li>Bachillerato de Ciencias en IES Guadalerzas. <\/li><\/ul>\n<\/div>\n<\/div>\n\n\n\n<div class=\"wp-block-columns is-layout-flex wp-container-core-columns-is-layout-28f84493 wp-block-columns-is-layout-flex\">\n<div class=\"wp-block-column is-layout-flow wp-block-column-is-layout-flow\">\n<h5 class=\"has-text-align-left wp-block-heading\"><strong>2020<\/strong><\/h5>\n\n\n\n<ul class=\"wp-block-list\"><li>344 horas de pr\u00e1cticas externas en la empresa Delaviuda Alimentaci\u00f3n S.A.U<\/li><li>T\u00e9cnico de laboratorio en la empresa Delaviuda Alimentaci\u00f3n S.A.U<\/li><\/ul>\n<\/div>\n\n\n\n<div class=\"wp-block-column is-layout-flow wp-block-column-is-layout-flow\">\n<h5 class=\"has-text-align-left wp-block-heading\"><strong>2021<\/strong><\/h5>\n\n\n\n<ul class=\"wp-block-list\"><li>T\u00e9cnico de laboratorio en Delaviuda Alimentaci\u00f3n S.A.U<\/li><\/ul>\n<\/div>\n\n\n\n<div class=\"wp-block-column is-layout-flow wp-block-column-is-layout-flow\">\n<h5 class=\"has-text-align-left wp-block-heading\"><strong>2022<\/strong><\/h5>\n\n\n\n<ul class=\"wp-block-list\"><li>Finalizaci\u00f3n de mis estudios del Grado en Qu\u00edmica en la Universidad de Castilla la Mancha.<\/li><\/ul>\n<\/div>\n\n\n\n<div class=\"wp-block-column is-layout-flow wp-block-column-is-layout-flow\">\n<h5 class=\"has-text-align-left wp-block-heading\"><strong>Today<\/strong><\/h5>\n\n\n\n<ul class=\"wp-block-list\"><li>Embarcado en la creaci\u00f3n de mi p\u00e1gina web. <\/li><\/ul>\n\n\n\n<ul class=\"wp-block-list\"><li>M\u00e1ster de Profesorado especialidad F\u00edsica y Qu\u00edmica en la Universidad de Nebrija. <\/li><\/ul>\n<\/div>\n<\/div>\n<\/div><\/div>\n\n\n\n<div class=\"inherit-container-width wp-block-group alignfull has-ast-global-color-5-background-color has-background is-layout-constrained wp-block-group-is-layout-constrained\"><div class=\"wp-block-group__inner-container\"><\/div><\/div>\n","protected":false},"excerpt":{"rendered":"<p>La historia de&#8230; Francisco Moreno Guti\u00e9rrez Apasionado de la ciencia, de forma m\u00e1s espec\u00edfica, de la qu\u00edmica.Actualmente embarcado en el dise\u00f1o de mi propia p\u00e1gina web que complementar\u00e1 mi Trabajo de Fin de Grado \u00abHerramientas para la docencia on-line de qu\u00edmica\u00bb. Tras una vida enfocada al deporte y la m\u00fasica, un breve paso por la &hellip;<\/p>\n<p class=\"read-more\"> <a class=\"\" href=\"https:\/\/www.amoldequimica.com\/index.php\/acerca-de-mi\/\"> <span class=\"screen-reader-text\">Acerca de m\u00ed&#8230;<\/span> Leer m\u00e1s &raquo;<\/a><\/p>\n","protected":false},"author":1,"featured_media":0,"parent":0,"menu_order":0,"comment_status":"closed","ping_status":"closed","template":"","meta":{"_uag_custom_page_level_css":"","site-sidebar-layout":"no-sidebar","site-content-layout":"plain-container","ast-global-header-display":"","ast-banner-title-visibility":"","ast-main-header-display":"","ast-hfb-above-header-display":"","ast-hfb-below-header-display":"","ast-hfb-mobile-header-display":"","site-post-title":"disabled","ast-breadcrumbs-content":"disabled","ast-featured-img":"disabled","footer-sml-layout":"","theme-transparent-header-meta":"disabled","adv-header-id-meta":"","stick-header-meta":"","header-above-stick-meta":"","header-main-stick-meta":"","header-below-stick-meta":"","footnotes":""},"class_list":["post-902","page","type-page","status-publish","hentry"],"uagb_featured_image_src":{"full":false,"thumbnail":false,"medium":false,"medium_large":false,"large":false,"1536x1536":false,"2048x2048":false},"uagb_author_info":{"display_name":"admin","author_link":"https:\/\/www.amoldequimica.com\/index.php\/author\/admin\/"},"uagb_comment_info":0,"uagb_excerpt":"La historia de&#8230; Francisco Moreno Guti\u00e9rrez Apasionado de la ciencia, de forma m\u00e1s espec\u00edfica, de la qu\u00edmica.Actualmente embarcado en el dise\u00f1o de mi propia p\u00e1gina web que complementar\u00e1 mi Trabajo de Fin de Grado \u00abHerramientas para la docencia on-line de qu\u00edmica\u00bb. Tras una vida enfocada al deporte y la m\u00fasica, un breve paso por la&hellip;","_links":{"self":[{"href":"https:\/\/www.amoldequimica.com\/index.php\/wp-json\/wp\/v2\/pages\/902","targetHints":{"allow":["GET"]}}],"collection":[{"href":"https:\/\/www.amoldequimica.com\/index.php\/wp-json\/wp\/v2\/pages"}],"about":[{"href":"https:\/\/www.amoldequimica.com\/index.php\/wp-json\/wp\/v2\/types\/page"}],"author":[{"embeddable":true,"href":"https:\/\/www.amoldequimica.com\/index.php\/wp-json\/wp\/v2\/users\/1"}],"replies":[{"embeddable":true,"href":"https:\/\/www.amoldequimica.com\/index.php\/wp-json\/wp\/v2\/comments?post=902"}],"version-history":[{"count":18,"href":"https:\/\/www.amoldequimica.com\/index.php\/wp-json\/wp\/v2\/pages\/902\/revisions"}],"predecessor-version":[{"id":1446,"href":"https:\/\/www.amoldequimica.com\/index.php\/wp-json\/wp\/v2\/pages\/902\/revisions\/1446"}],"wp:attachment":[{"href":"https:\/\/www.amoldequimica.com\/index.php\/wp-json\/wp\/v2\/media?parent=902"}],"curies":[{"name":"wp","href":"https:\/\/api.w.org\/{rel}","templated":true}]}}