{"id":896,"date":"2021-04-10T03:52:52","date_gmt":"2021-04-10T03:52:52","guid":{"rendered":"https:\/\/www.amoldequimica.com\/index.php\/home-2\/"},"modified":"2022-09-07T18:42:53","modified_gmt":"2022-09-07T18:42:53","slug":"inicio","status":"publish","type":"page","link":"https:\/\/www.amoldequimica.com\/","title":{"rendered":"Inicio"},"content":{"rendered":"\n<div class=\"wp-block-cover alignfull is-light\" style=\"padding-top:10px;padding-right:10px;padding-bottom:10px;padding-left:10px;min-height:750px;aspect-ratio:unset;\"><span aria-hidden=\"true\" class=\"wp-block-cover__background has-black-background-color has-background-dim\"><\/span><img loading=\"lazy\" decoding=\"async\" width=\"612\" height=\"410\" class=\"wp-block-cover__image-background wp-image-1166\" alt=\"biblioteca amoldequimica\" src=\"https:\/\/www.amoldequimica.com\/wp-content\/uploads\/2022\/07\/Portada-Home-2.jpg\" data-object-fit=\"cover\" srcset=\"https:\/\/www.amoldequimica.com\/wp-content\/uploads\/2022\/07\/Portada-Home-2.jpg 612w, https:\/\/www.amoldequimica.com\/wp-content\/uploads\/2022\/07\/Portada-Home-2-300x201.jpg 300w\" sizes=\"auto, (max-width: 612px) 100vw, 612px\" \/><div class=\"wp-block-cover__inner-container is-layout-flow wp-block-cover-is-layout-flow\">\n<div class=\"wp-block-columns is-layout-flex wp-container-core-columns-is-layout-28f84493 wp-block-columns-is-layout-flex\">\n<div class=\"wp-block-column is-layout-flow wp-block-column-is-layout-flow\" style=\"flex-basis:50%\">\n<blockquote class=\"wp-block-quote has-white-color has-text-color has-medium-font-size is-layout-flow wp-block-quote-is-layout-flow\" style=\"font-style:italic;font-weight:900\"><p><strong>La vida no es f\u00e1cil, para ninguno de nosotros. Pero&#8230; \u00a1qu\u00e9 importa! Hay que perseverar y, sobre todo, tener confianza en uno mismo. <\/strong><\/p><p><strong>Hay que sentirse convencido para realizar alguna cosa, y esa cosa hay que alcanzarla cueste lo que cueste.<\/strong><\/p><cite>Marie Curie<\/cite><\/blockquote>\n<\/div>\n\n\n\n<div class=\"wp-block-column is-layout-flow wp-block-column-is-layout-flow\" style=\"flex-basis:20%\"><\/div>\n<\/div>\n<\/div><\/div>\n\n\n\n<div class=\"inherit-container-width wp-block-group alignfull has-ast-global-color-5-background-color has-background is-layout-constrained wp-block-group-is-layout-constrained\"><div class=\"wp-block-group__inner-container\">\n<p><\/p>\n<\/div><\/div>\n\n\n\n<div class=\"wp-block-columns is-layout-flex wp-container-core-columns-is-layout-28f84493 wp-block-columns-is-layout-flex\">\n<div class=\"wp-block-column is-layout-flow wp-block-column-is-layout-flow\">\n<div class=\"wp-block-buttons is-layout-flex wp-block-buttons-is-layout-flex\"><\/div>\n<\/div>\n\n\n\n<div class=\"wp-block-column is-layout-flow wp-block-column-is-layout-flow\">\n<div class=\"wp-block-buttons is-layout-flex wp-block-buttons-is-layout-flex\"><\/div>\n<\/div>\n<\/div>\n\n\n\n<div class=\"wp-block-columns is-layout-flex wp-container-core-columns-is-layout-28f84493 wp-block-columns-is-layout-flex\">\n<div class=\"wp-block-column has-white-background-color has-background is-layout-flow wp-block-column-is-layout-flow\">\n<h2 class=\"has-text-align-center has-ast-global-color-8-background-color has-background has-large-font-size wp-block-heading\" style=\"margin-top:0%;margin-right:0%;margin-bottom:0%;margin-left:0%\">\u00bfQu\u00e9 encontrar\u00e1s en esta web?<\/h2>\n\n\n\n<div class=\"wp-block-columns has-white-background-color has-background is-layout-flex wp-container-core-columns-is-layout-28f84493 wp-block-columns-is-layout-flex\">\n<div class=\"wp-block-column is-layout-flow wp-block-column-is-layout-flow\">\n<h2 class=\"has-text-align-center wp-block-heading\" style=\"font-size:32px\">Blog de noticias<\/h2>\n<\/div>\n\n\n\n<div class=\"wp-block-column is-layout-flow wp-block-column-is-layout-flow\">\n<h2 class=\"has-text-align-center wp-block-heading\" style=\"font-size:32px\">Recursos<\/h2>\n<\/div>\n\n\n\n<div class=\"wp-block-column is-layout-flow wp-block-column-is-layout-flow\">\n<h2 class=\"has-text-align-center wp-block-heading\" style=\"font-size:32px\">Clases<\/h2>\n<\/div>\n<\/div>\n\n\n\n<div class=\"wp-block-columns is-layout-flex wp-container-core-columns-is-layout-28f84493 wp-block-columns-is-layout-flex\">\n<div class=\"wp-block-column is-layout-flow wp-block-column-is-layout-flow\">\n<div class=\"wp-block-media-text alignwide is-stacked-on-mobile is-vertically-aligned-top is-style-default\" style=\"grid-template-columns:25% auto\"><figure class=\"wp-block-media-text__media\"><img loading=\"lazy\" decoding=\"async\" width=\"150\" height=\"150\" src=\"https:\/\/www.amoldequimica.com\/wp-content\/uploads\/2022\/07\/periodico-1-150x150.png\" alt=\"\" class=\"wp-image-1197 size-full\" srcset=\"https:\/\/www.amoldequimica.com\/wp-content\/uploads\/2022\/07\/periodico-1-150x150.png 150w, https:\/\/www.amoldequimica.com\/wp-content\/uploads\/2022\/07\/periodico-1-300x300.png 300w, https:\/\/www.amoldequimica.com\/wp-content\/uploads\/2022\/07\/periodico-1.png 512w\" sizes=\"auto, (max-width: 150px) 100vw, 150px\" \/><\/figure><div class=\"wp-block-media-text__content\">\n<p>En la secci\u00f3n de Blog encontrar\u00e1s diversas entradas, relacionadas tanto con noticias de actualidad como con fen\u00f3menos cotidianos relacionados con la qu\u00edmica. <\/p>\n<\/div><\/div>\n<\/div>\n\n\n\n<div class=\"wp-block-column is-layout-flow wp-block-column-is-layout-flow\">\n<div class=\"wp-block-media-text alignwide is-stacked-on-mobile is-vertically-aligned-top is-style-default\" style=\"grid-template-columns:25% auto\"><figure class=\"wp-block-media-text__media\"><img loading=\"lazy\" decoding=\"async\" width=\"512\" height=\"512\" src=\"https:\/\/www.amoldequimica.com\/wp-content\/uploads\/2022\/07\/productividad.png\" alt=\"\" class=\"wp-image-1202 size-full\" srcset=\"https:\/\/www.amoldequimica.com\/wp-content\/uploads\/2022\/07\/productividad.png 512w, https:\/\/www.amoldequimica.com\/wp-content\/uploads\/2022\/07\/productividad-300x300.png 300w, https:\/\/www.amoldequimica.com\/wp-content\/uploads\/2022\/07\/productividad-150x150.png 150w\" sizes=\"auto, (max-width: 512px) 100vw, 512px\" \/><\/figure><div class=\"wp-block-media-text__content\">\n<p>En la secci\u00f3n de Recursos encontraras diversas herramientas \u00fatiles que he creado para facilitar el estudio de la asignatura de qu\u00edmica. <\/p>\n<\/div><\/div>\n<\/div>\n\n\n\n<div class=\"wp-block-column is-layout-flow wp-block-column-is-layout-flow\">\n<div class=\"wp-block-media-text alignwide is-stacked-on-mobile is-vertically-aligned-top is-style-default\" style=\"grid-template-columns:25% auto\"><figure class=\"wp-block-media-text__media\"><img loading=\"lazy\" decoding=\"async\" width=\"512\" height=\"512\" src=\"https:\/\/www.amoldequimica.com\/wp-content\/uploads\/2022\/07\/elearning.png\" alt=\"\" class=\"wp-image-1203 size-full\" srcset=\"https:\/\/www.amoldequimica.com\/wp-content\/uploads\/2022\/07\/elearning.png 512w, https:\/\/www.amoldequimica.com\/wp-content\/uploads\/2022\/07\/elearning-300x300.png 300w, https:\/\/www.amoldequimica.com\/wp-content\/uploads\/2022\/07\/elearning-150x150.png 150w\" sizes=\"auto, (max-width: 512px) 100vw, 512px\" \/><\/figure><div class=\"wp-block-media-text__content\">\n<p>En la secci\u00f3n de Clases encontrar\u00e1s un formulario de contacto para poder solicitar las clases en funci\u00f3n de tu nivel de estudios. <\/p>\n<\/div><\/div>\n<\/div>\n<\/div>\n\n\n\n<div class=\"wp-block-columns is-layout-flex wp-container-core-columns-is-layout-28f84493 wp-block-columns-is-layout-flex\">\n<div class=\"wp-block-column is-layout-flow wp-block-column-is-layout-flow\">\n<div class=\"wp-block-buttons is-layout-flex wp-block-buttons-is-layout-flex\">\n<div class=\"wp-block-button aligncenter\"><a class=\"wp-block-button__link\" href=\"https:\/\/www.amoldequimica.com\/index.php\/blog\/\">Blog<\/a><\/div>\n<\/div>\n<\/div>\n\n\n\n<div class=\"wp-block-column is-layout-flow wp-block-column-is-layout-flow\">\n<div class=\"wp-block-buttons is-layout-flex wp-block-buttons-is-layout-flex\">\n<div class=\"wp-block-button aligncenter\"><a class=\"wp-block-button__link\" href=\"https:\/\/www.amoldequimica.com\/index.php\/recursos\/\">Recursos<\/a><\/div>\n<\/div>\n<\/div>\n\n\n\n<div class=\"wp-block-column is-layout-flow wp-block-column-is-layout-flow\">\n<div class=\"wp-block-buttons is-layout-flex wp-block-buttons-is-layout-flex\">\n<div class=\"wp-block-button aligncenter\"><a class=\"wp-block-button__link\" href=\"https:\/\/www.amoldequimica.com\/index.php\/contacto\/\">Contacto<\/a><\/div>\n<\/div>\n<\/div>\n<\/div>\n\n\n\n<h2 class=\"wp-block-heading\"><\/h2>\n<\/div>\n<\/div>\n\n\n\n<div class=\"wp-block-columns is-layout-flex wp-container-core-columns-is-layout-28f84493 wp-block-columns-is-layout-flex\">\n<div class=\"wp-block-column is-layout-flow wp-block-column-is-layout-flow\"><\/div>\n<\/div>\n\n\n\n<div class=\"wp-block-columns is-layout-flex wp-container-core-columns-is-layout-28f84493 wp-block-columns-is-layout-flex\">\n<div class=\"wp-block-column has-white-background-color has-background is-layout-flow wp-block-column-is-layout-flow\">\n<h2 class=\"has-text-align-center has-ast-global-color-8-background-color has-background has-large-font-size wp-block-heading\">Mis clases particulares<\/h2>\n\n\n\n<div class=\"wp-block-columns is-layout-flex wp-container-core-columns-is-layout-28f84493 wp-block-columns-is-layout-flex\">\n<div class=\"wp-block-column is-vertically-aligned-center is-layout-flow wp-block-column-is-layout-flow\">\n<figure class=\"wp-block-image aligncenter size-full is-resized is-style-default\" style=\"border-radius:27px\"><img loading=\"lazy\" decoding=\"async\" src=\"https:\/\/www.amoldequimica.com\/wp-content\/uploads\/2022\/07\/tabla-clases-portada.png\" alt=\"\" class=\"wp-image-1236\" width=\"607\" height=\"306\" srcset=\"https:\/\/www.amoldequimica.com\/wp-content\/uploads\/2022\/07\/tabla-clases-portada.png 1042w, https:\/\/www.amoldequimica.com\/wp-content\/uploads\/2022\/07\/tabla-clases-portada-300x151.png 300w, https:\/\/www.amoldequimica.com\/wp-content\/uploads\/2022\/07\/tabla-clases-portada-1024x517.png 1024w, https:\/\/www.amoldequimica.com\/wp-content\/uploads\/2022\/07\/tabla-clases-portada-768x388.png 768w\" sizes=\"auto, (max-width: 607px) 100vw, 607px\" \/><figcaption>Los niveles disponibles por el momento son los indicados en esta table. <\/figcaption><\/figure>\n<\/div>\n<\/div>\n\n\n\n<div class=\"wp-block-columns is-layout-flex wp-container-core-columns-is-layout-28f84493 wp-block-columns-is-layout-flex\">\n<div class=\"wp-block-column has-white-background-color has-background is-layout-flow wp-block-column-is-layout-flow\">\n<div class=\"wp-block-columns has-white-background-color has-background is-layout-flex wp-container-core-columns-is-layout-28f84493 wp-block-columns-is-layout-flex\">\n<div class=\"wp-block-column is-layout-flow wp-block-column-is-layout-flow\">\n<h2 class=\"has-text-align-center wp-block-heading\" style=\"font-size:32px\">Flexibilidad<\/h2>\n<\/div>\n\n\n\n<div class=\"wp-block-column is-layout-flow wp-block-column-is-layout-flow\">\n<h2 class=\"has-text-align-center wp-block-heading\" style=\"font-size:32px\">Adaptabilidad<\/h2>\n<\/div>\n\n\n\n<div class=\"wp-block-column is-layout-flow wp-block-column-is-layout-flow\">\n<h2 class=\"has-text-align-center wp-block-heading\" style=\"font-size:32px\">Accesibilidad<\/h2>\n<\/div>\n<\/div>\n\n\n\n<div class=\"wp-block-columns is-layout-flex wp-container-core-columns-is-layout-28f84493 wp-block-columns-is-layout-flex\">\n<div class=\"wp-block-column is-layout-flow wp-block-column-is-layout-flow\">\n<div class=\"wp-block-media-text alignwide is-stacked-on-mobile is-vertically-aligned-top is-style-default\" style=\"grid-template-columns:25% auto\"><figure class=\"wp-block-media-text__media\"><img loading=\"lazy\" decoding=\"async\" width=\"512\" height=\"511\" src=\"https:\/\/www.amoldequimica.com\/wp-content\/uploads\/2022\/07\/calendario-1-1.png\" alt=\"\" class=\"wp-image-1249 size-full\" srcset=\"https:\/\/www.amoldequimica.com\/wp-content\/uploads\/2022\/07\/calendario-1-1.png 512w, https:\/\/www.amoldequimica.com\/wp-content\/uploads\/2022\/07\/calendario-1-1-300x300.png 300w, https:\/\/www.amoldequimica.com\/wp-content\/uploads\/2022\/07\/calendario-1-1-150x150.png 150w\" sizes=\"auto, (max-width: 512px) 100vw, 512px\" \/><\/figure><div class=\"wp-block-media-text__content\">\n<p>La modalidad de mis estudios online har\u00e1 que pueda disponer de flexibilidad horaria para adaptar tus clases particulares tanto a tus estudios como a tus actividades extraescolares. <\/p>\n\n\n\n<h2 class=\"wp-block-heading\"><\/h2>\n<\/div><\/div>\n<\/div>\n\n\n\n<div class=\"wp-block-column is-layout-flow wp-block-column-is-layout-flow\">\n<div class=\"wp-block-media-text alignwide is-stacked-on-mobile is-vertically-aligned-top is-style-default\" style=\"grid-template-columns:27% auto\"><figure class=\"wp-block-media-text__media\"><img loading=\"lazy\" decoding=\"async\" width=\"322\" height=\"319\" src=\"https:\/\/www.amoldequimica.com\/wp-content\/uploads\/2022\/07\/depositphotos_421851020-stock-illustration-law-firm-balance-scale-circle-1-e1658193132525.png\" alt=\"\" class=\"wp-image-1253 size-full\" srcset=\"https:\/\/www.amoldequimica.com\/wp-content\/uploads\/2022\/07\/depositphotos_421851020-stock-illustration-law-firm-balance-scale-circle-1-e1658193132525.png 322w, https:\/\/www.amoldequimica.com\/wp-content\/uploads\/2022\/07\/depositphotos_421851020-stock-illustration-law-firm-balance-scale-circle-1-e1658193132525-300x297.png 300w, https:\/\/www.amoldequimica.com\/wp-content\/uploads\/2022\/07\/depositphotos_421851020-stock-illustration-law-firm-balance-scale-circle-1-e1658193132525-150x150.png 150w\" sizes=\"auto, (max-width: 322px) 100vw, 322px\" \/><\/figure><div class=\"wp-block-media-text__content\">\n<p>Cada alumno es diferente y tiene necesidades y objetivos diferentes. Por eso la forma de trabajar ser\u00e1 adapt\u00e1ndome al alumno, y no al rev\u00e9s.<\/p>\n<\/div><\/div>\n<\/div>\n\n\n\n<div class=\"wp-block-column is-layout-flow wp-block-column-is-layout-flow\">\n<div class=\"wp-block-media-text alignwide is-stacked-on-mobile is-vertically-aligned-top is-style-default\" style=\"grid-template-columns:25% auto\"><figure class=\"wp-block-media-text__media\"><img loading=\"lazy\" decoding=\"async\" width=\"512\" height=\"512\" src=\"https:\/\/www.amoldequimica.com\/wp-content\/uploads\/2022\/07\/accesible-1.png\" alt=\"\" class=\"wp-image-1250 size-full\" srcset=\"https:\/\/www.amoldequimica.com\/wp-content\/uploads\/2022\/07\/accesible-1.png 512w, https:\/\/www.amoldequimica.com\/wp-content\/uploads\/2022\/07\/accesible-1-300x300.png 300w, https:\/\/www.amoldequimica.com\/wp-content\/uploads\/2022\/07\/accesible-1-150x150.png 150w\" sizes=\"auto, (max-width: 512px) 100vw, 512px\" \/><\/figure><div class=\"wp-block-media-text__content\">\n<p>Las clases cuentan con la garant\u00eda de impartirse tanto de forma presencial como online, mediante el uso de plataformas gratuitas y de variedad de recursos did\u00e1cticos online. <\/p>\n<\/div><\/div>\n<\/div>\n<\/div>\n<\/div>\n<\/div>\n<\/div>\n<\/div>\n\n\n\n<div class=\"wp-block-columns is-layout-flex wp-container-core-columns-is-layout-28f84493 wp-block-columns-is-layout-flex\">\n<div class=\"wp-block-column is-layout-flow wp-block-column-is-layout-flow\"><\/div>\n<\/div>\n\n\n\n<div class=\"wp-block-cover alignfull\" style=\"padding-top:0%;padding-right:0%;padding-bottom:0%;padding-left:0%;min-height:0.1%;aspect-ratio:unset;\"><span aria-hidden=\"true\" class=\"wp-block-cover__background has-ast-global-color-5-background-color has-background-dim-100 has-background-dim\"><\/span><div class=\"wp-block-cover__inner-container is-layout-flow wp-block-cover-is-layout-flow\">\n<h2 class=\"has-text-align-center has-black-color has-ast-global-color-8-background-color has-text-color has-background has-large-font-size wp-block-heading\">Juegos y recursos creados<\/h2>\n\n\n\n<div class=\"wp-block-columns is-layout-flex wp-container-core-columns-is-layout-28f84493 wp-block-columns-is-layout-flex\">\n<div class=\"wp-block-column is-layout-flow wp-block-column-is-layout-flow\" style=\"padding-top:10px;padding-right:10px;padding-bottom:10px;padding-left:10px\">\n<figure class=\"wp-block-image aligncenter size-large is-resized\"><img loading=\"lazy\" decoding=\"async\" src=\"https:\/\/www.amoldequimica.com\/wp-content\/uploads\/2022\/07\/Polish_20220719_041901274-1-1019x1024.png\" alt=\"\" class=\"wp-image-1260\" width=\"389\" height=\"390\" srcset=\"https:\/\/www.amoldequimica.com\/wp-content\/uploads\/2022\/07\/Polish_20220719_041901274-1-1019x1024.png 1019w, https:\/\/www.amoldequimica.com\/wp-content\/uploads\/2022\/07\/Polish_20220719_041901274-1-300x300.png 300w, https:\/\/www.amoldequimica.com\/wp-content\/uploads\/2022\/07\/Polish_20220719_041901274-1-150x150.png 150w, https:\/\/www.amoldequimica.com\/wp-content\/uploads\/2022\/07\/Polish_20220719_041901274-1-768x772.png 768w, https:\/\/www.amoldequimica.com\/wp-content\/uploads\/2022\/07\/Polish_20220719_041901274-1.png 1080w\" sizes=\"auto, (max-width: 389px) 100vw, 389px\" \/><\/figure>\n\n\n\n<div class=\"wp-block-buttons is-content-justification-center is-layout-flex wp-container-core-buttons-is-layout-a89b3969 wp-block-buttons-is-layout-flex\">\n<div class=\"wp-block-button\"><a class=\"wp-block-button__link\" href=\"https:\/\/es.educaplay.com\/recursos-educativos\/12452524-pasapalabra_quimico.html\">Resolver rosco qu\u00edmico<\/a><\/div>\n<\/div>\n<\/div>\n\n\n\n<div class=\"wp-block-column is-layout-flow wp-block-column-is-layout-flow\">\n<figure class=\"wp-block-image size-large is-resized\"><img loading=\"lazy\" decoding=\"async\" src=\"https:\/\/www.amoldequimica.com\/wp-content\/uploads\/2022\/07\/Copa-Davis-en-el-Oceano-Periodico-1-1024x786.png\" alt=\"\" class=\"wp-image-1261\" width=\"531\" height=\"407\" srcset=\"https:\/\/www.amoldequimica.com\/wp-content\/uploads\/2022\/07\/Copa-Davis-en-el-Oceano-Periodico-1-1024x786.png 1024w, https:\/\/www.amoldequimica.com\/wp-content\/uploads\/2022\/07\/Copa-Davis-en-el-Oceano-Periodico-1-300x230.png 300w, https:\/\/www.amoldequimica.com\/wp-content\/uploads\/2022\/07\/Copa-Davis-en-el-Oceano-Periodico-1-768x590.png 768w, https:\/\/www.amoldequimica.com\/wp-content\/uploads\/2022\/07\/Copa-Davis-en-el-Oceano-Periodico-1.png 1080w\" sizes=\"auto, (max-width: 531px) 100vw, 531px\" \/><\/figure>\n\n\n\n<div class=\"wp-block-buttons is-content-justification-center is-layout-flex wp-container-core-buttons-is-layout-38f154f2 wp-block-buttons-is-layout-flex\">\n<div class=\"wp-block-button\"><a class=\"wp-block-button__link\">Pr\u00f3ximamente<\/a><\/div>\n<\/div>\n<\/div>\n<\/div>\n<\/div><\/div>\n\n\n\n<div class=\"wp-block-columns is-layout-flex wp-container-core-columns-is-layout-28f84493 wp-block-columns-is-layout-flex\">\n<div class=\"wp-block-column is-layout-flow wp-block-column-is-layout-flow\"><\/div>\n<\/div>\n\n\n\n<div class=\"wp-block-cover alignfull\" style=\"padding-top:0px;padding-right:0px;padding-bottom:0px;padding-left:0px\"><span aria-hidden=\"true\" class=\"wp-block-cover__background has-ast-global-color-5-background-color has-background-dim-100 has-background-dim\"><\/span><div class=\"wp-block-cover__inner-container is-layout-flow wp-block-cover-is-layout-flow\">\n<div class=\"wp-block-columns is-layout-flex wp-container-core-columns-is-layout-28f84493 wp-block-columns-is-layout-flex\">\n<div class=\"wp-block-column is-layout-flow wp-block-column-is-layout-flow\" style=\"flex-basis:100%\">\n<div class=\"wp-block-columns is-layout-flex wp-container-core-columns-is-layout-28f84493 wp-block-columns-is-layout-flex\">\n<div class=\"wp-block-column is-layout-flow wp-block-column-is-layout-flow\" style=\"flex-basis:100%\">\n<h2 class=\"has-text-align-center has-black-color has-ast-global-color-8-background-color has-text-color has-background has-large-font-size wp-block-heading\">Trabajo fin de grado \u00abHerramientas para la ense\u00f1anza de qu\u00edmica on-line\u00bb<\/h2>\n<\/div>\n<\/div>\n<\/div>\n<\/div>\n\n\n\n<div class=\"wp-block-columns is-layout-flex wp-container-core-columns-is-layout-28f84493 wp-block-columns-is-layout-flex\">\n<div class=\"wp-block-column is-layout-flow wp-block-column-is-layout-flow\">\n<h4 class=\"has-text-align-center has-black-color has-text-color wp-block-heading\"><em>PDF<\/em><\/h4>\n<\/div>\n\n\n\n<div class=\"wp-block-column is-layout-flow wp-block-column-is-layout-flow\">\n<h4 class=\"has-text-align-center has-black-color has-text-color wp-block-heading\"><em>Power Point<\/em><\/h4>\n<\/div>\n\n\n\n<div class=\"wp-block-column is-layout-flow wp-block-column-is-layout-flow\">\n<h4 class=\"has-text-align-center has-black-color has-text-color wp-block-heading\"><em>Calificaci\u00f3n<\/em><\/h4>\n<\/div>\n<\/div>\n\n\n\n<div class=\"wp-block-columns is-layout-flex wp-container-core-columns-is-layout-28f84493 wp-block-columns-is-layout-flex\">\n<div class=\"wp-block-column is-layout-flow wp-block-column-is-layout-flow\" style=\"flex-basis:100%\">\n<ul class=\"wp-block-list\"><li><\/li><\/ul>\n<\/div>\n<\/div>\n\n\n\n<div class=\"wp-block-columns is-layout-flex wp-container-core-columns-is-layout-28f84493 wp-block-columns-is-layout-flex\">\n<div class=\"wp-block-column is-layout-flow wp-block-column-is-layout-flow\">\n<figure class=\"wp-block-image aligncenter size-full is-resized\"><img loading=\"lazy\" decoding=\"async\" src=\"https:\/\/www.amoldequimica.com\/wp-content\/uploads\/2022\/09\/Portada-PDF-TFG.png\" alt=\"\" class=\"wp-image-1452\" width=\"211\" height=\"269\" srcset=\"https:\/\/www.amoldequimica.com\/wp-content\/uploads\/2022\/09\/Portada-PDF-TFG.png 394w, https:\/\/www.amoldequimica.com\/wp-content\/uploads\/2022\/09\/Portada-PDF-TFG-235x300.png 235w\" sizes=\"auto, (max-width: 211px) 100vw, 211px\" \/><\/figure>\n\n\n\n<div class=\"wp-block-buttons is-content-justification-center is-layout-flex wp-container-core-buttons-is-layout-a89b3969 wp-block-buttons-is-layout-flex\">\n<div class=\"wp-block-button\"><a class=\"wp-block-button__link\" href=\"https:\/\/drive.google.com\/file\/d\/1yoCzFEAsYt0M7AiSV2V7IGgKtRO3-_kG\/view?usp=sharing\">PDF<\/a><\/div>\n<\/div>\n<\/div>\n\n\n\n<div class=\"wp-block-column is-layout-flow wp-block-column-is-layout-flow\">\n<figure class=\"wp-block-image size-full\"><img loading=\"lazy\" decoding=\"async\" width=\"663\" height=\"475\" src=\"https:\/\/www.amoldequimica.com\/wp-content\/uploads\/2022\/09\/Portada-Power-Point-TFG.png\" alt=\"\" class=\"wp-image-1450\" srcset=\"https:\/\/www.amoldequimica.com\/wp-content\/uploads\/2022\/09\/Portada-Power-Point-TFG.png 663w, https:\/\/www.amoldequimica.com\/wp-content\/uploads\/2022\/09\/Portada-Power-Point-TFG-300x215.png 300w\" sizes=\"auto, (max-width: 663px) 100vw, 663px\" \/><\/figure>\n\n\n\n<div class=\"wp-block-buttons is-content-justification-center is-layout-flex wp-container-core-buttons-is-layout-a89b3969 wp-block-buttons-is-layout-flex\">\n<div class=\"wp-block-button\"><a class=\"wp-block-button__link\" href=\"https:\/\/1drv.ms\/p\/s!Aremu69X0VmbhFbtdBoCHUTajGWv?e=dsCSGr\">Power Point<\/a><\/div>\n<\/div>\n<\/div>\n\n\n\n<div class=\"wp-block-column is-layout-flow wp-block-column-is-layout-flow\">\n<p><\/p>\n\n\n\n<h2 class=\"has-text-align-center has-ast-global-color-0-color has-text-color wp-block-heading\" style=\"font-style:italic;font-weight:800\">8,7<\/h2>\n<\/div>\n<\/div>\n<\/div><\/div>\n","protected":false},"excerpt":{"rendered":"<p>\u00bfQu\u00e9 encontrar\u00e1s en esta web? Blog de noticias Recursos Clases En la secci\u00f3n de Blog encontrar\u00e1s diversas entradas, relacionadas tanto con noticias de actualidad como con fen\u00f3menos cotidianos relacionados con la qu\u00edmica. En la secci\u00f3n de Recursos encontraras diversas herramientas \u00fatiles que he creado para facilitar el estudio de la asignatura de qu\u00edmica. En la &hellip;<\/p>\n<p class=\"read-more\"> <a class=\"\" href=\"https:\/\/www.amoldequimica.com\/\"> <span class=\"screen-reader-text\">Inicio<\/span> Leer m\u00e1s &raquo;<\/a><\/p>\n","protected":false},"author":1,"featured_media":0,"parent":0,"menu_order":0,"comment_status":"closed","ping_status":"closed","template":"","meta":{"_uag_custom_page_level_css":"","site-sidebar-layout":"no-sidebar","site-content-layout":"plain-container","ast-global-header-display":"","ast-banner-title-visibility":"","ast-main-header-display":"","ast-hfb-above-header-display":"","ast-hfb-below-header-display":"","ast-hfb-mobile-header-display":"","site-post-title":"disabled","ast-breadcrumbs-content":"disabled","ast-featured-img":"disabled","footer-sml-layout":"","theme-transparent-header-meta":"disabled","adv-header-id-meta":"","stick-header-meta":"","header-above-stick-meta":"","header-main-stick-meta":"","header-below-stick-meta":"","footnotes":""},"class_list":["post-896","page","type-page","status-publish","hentry"],"uagb_featured_image_src":{"full":false,"thumbnail":false,"medium":false,"medium_large":false,"large":false,"1536x1536":false,"2048x2048":false},"uagb_author_info":{"display_name":"admin","author_link":"https:\/\/www.amoldequimica.com\/index.php\/author\/admin\/"},"uagb_comment_info":0,"uagb_excerpt":"\u00bfQu\u00e9 encontrar\u00e1s en esta web? Blog de noticias Recursos Clases En la secci\u00f3n de Blog encontrar\u00e1s diversas entradas, relacionadas tanto con noticias de actualidad como con fen\u00f3menos cotidianos relacionados con la qu\u00edmica. En la secci\u00f3n de Recursos encontraras diversas herramientas \u00fatiles que he creado para facilitar el estudio de la asignatura de qu\u00edmica. En la&hellip;","_links":{"self":[{"href":"https:\/\/www.amoldequimica.com\/index.php\/wp-json\/wp\/v2\/pages\/896","targetHints":{"allow":["GET"]}}],"collection":[{"href":"https:\/\/www.amoldequimica.com\/index.php\/wp-json\/wp\/v2\/pages"}],"about":[{"href":"https:\/\/www.amoldequimica.com\/index.php\/wp-json\/wp\/v2\/types\/page"}],"author":[{"embeddable":true,"href":"https:\/\/www.amoldequimica.com\/index.php\/wp-json\/wp\/v2\/users\/1"}],"replies":[{"embeddable":true,"href":"https:\/\/www.amoldequimica.com\/index.php\/wp-json\/wp\/v2\/comments?post=896"}],"version-history":[{"count":33,"href":"https:\/\/www.amoldequimica.com\/index.php\/wp-json\/wp\/v2\/pages\/896\/revisions"}],"predecessor-version":[{"id":1460,"href":"https:\/\/www.amoldequimica.com\/index.php\/wp-json\/wp\/v2\/pages\/896\/revisions\/1460"}],"wp:attachment":[{"href":"https:\/\/www.amoldequimica.com\/index.php\/wp-json\/wp\/v2\/media?parent=896"}],"curies":[{"name":"wp","href":"https:\/\/api.w.org\/{rel}","templated":true}]}}