{"id":1427,"date":"2022-08-25T12:20:23","date_gmt":"2022-08-25T12:20:23","guid":{"rendered":"https:\/\/www.amoldequimica.com\/?page_id=1427"},"modified":"2022-08-25T17:19:18","modified_gmt":"2022-08-25T17:19:18","slug":"unidad-4-magnitudes-y-unidades","status":"publish","type":"page","link":"https:\/\/www.amoldequimica.com\/index.php\/cursos\/3-eso\/unidad-4-magnitudes-y-unidades\/","title":{"rendered":"Unidad 4. Magnitudes y unidades."},"content":{"rendered":"\n<div class=\"wp-block-cover alignfull\" style=\"min-height:153px;aspect-ratio:unset;\"><span aria-hidden=\"true\" class=\"wp-block-cover__background has-ast-global-color-5-background-color has-background-dim-100 has-background-dim\"><\/span><div class=\"wp-block-cover__inner-container is-layout-flow wp-block-cover-is-layout-flow\">\n<h2 class=\"has-black-color has-text-color wp-block-heading\">Objetivos de la unidad<\/h2>\n\n\n\n<p class=\"has-black-color has-text-color\">\u2022 Conocer el Sistema Internacional de unidades. <br>\u2022 Saber hacer cambios de unidades con los diferentes m\u00faltiplos y subm\u00faltiplos. <br>\u2022 Conocer la importancia de las unidades del Sistema Internacional a escala global.<br>\u2022 Saber manejar el cambio de unidades al Sistema Internacional. <br>\u2022 Expresar correctamente cada magnitud con su s\u00edmbolo y su unidad correspondiente.<\/p>\n<\/div><\/div>\n\n\n\n<p><\/p>\n\n\n\n<div class=\"wp-block-columns is-layout-flex wp-container-core-columns-is-layout-28f84493 wp-block-columns-is-layout-flex\">\n<div class=\"wp-block-column is-vertically-aligned-top is-layout-flow wp-block-column-is-layout-flow\">\n<h2 class=\"wp-block-heading\">Previo al inicio del tema<\/h2>\n\n\n\n<ul class=\"wp-block-list\"><li>Se recomienda la visualizaci\u00f3n de este v\u00eddeo que se encuentra en el canal de Youtube &#8216;<a href=\"https:\/\/www.youtube.com\/c\/ScienzaEducaci%C3%B3n\">Scienza Educaci\u00f3n<\/a>&#8216; y en el que se nos introduce el concepto de magnitud y  un claro resumen de las magnitudes vectoriales y escalares.<\/li><\/ul>\n<\/div>\n\n\n\n<div class=\"wp-block-column is-layout-flow wp-block-column-is-layout-flow\">\n<figure class=\"wp-block-embed is-type-video is-provider-youtube wp-block-embed-youtube wp-embed-aspect-16-9 wp-has-aspect-ratio\"><div class=\"wp-block-embed__wrapper\">\n<div class=\"ast-oembed-container\" style=\"height: 100%;\"><iframe loading=\"lazy\" title=\"Magnitudes F\u00edsicas | Fundamentales y derivadas | Escalares y vectoriales\" width=\"500\" height=\"281\" src=\"https:\/\/www.youtube.com\/embed\/qFOTQ7yMtzk?feature=oembed\" frameborder=\"0\" allow=\"accelerometer; autoplay; clipboard-write; encrypted-media; gyroscope; picture-in-picture; web-share\" referrerpolicy=\"strict-origin-when-cross-origin\" allowfullscreen><\/iframe><\/div>\n<\/div><\/figure>\n<\/div>\n<\/div>\n\n\n\n<div class=\"wp-block-cover alignfull\" style=\"min-height:197px;aspect-ratio:unset;\"><span aria-hidden=\"true\" class=\"wp-block-cover__background has-ast-global-color-5-background-color has-background-dim-100 has-background-dim\"><\/span><div class=\"wp-block-cover__inner-container is-layout-flow wp-block-cover-is-layout-flow\">\n<h2 class=\"has-black-color has-text-color wp-block-heading\">\u00bfC\u00f3mo trabajar los conceptos te\u00f3ricos de esta unidad?<\/h2>\n\n\n\n<div class=\"wp-block-columns is-layout-flex wp-container-core-columns-is-layout-28f84493 wp-block-columns-is-layout-flex\">\n<div class=\"wp-block-column is-layout-flow wp-block-column-is-layout-flow\" style=\"flex-basis:66.66%\">\n<ul class=\"has-black-color has-text-color wp-block-list\"><li>Documento que abarca la totalidad de los contenidos te\u00f3ricos de esta unidad &#8216;Magnitudes y Unidades&#8217;.<\/li><\/ul>\n<\/div>\n\n\n\n<div class=\"wp-block-column is-layout-flow wp-block-column-is-layout-flow\" style=\"flex-basis:33.33%\">\n<div class=\"wp-block-buttons is-layout-flex wp-block-buttons-is-layout-flex\">\n<div class=\"wp-block-button\"><a class=\"wp-block-button__link\" href=\"https:\/\/docplayer.es\/67245770-Tema-2-la-medida-el-sistema-internacional-de-unidades.html\">Documento<\/a><\/div>\n<\/div>\n<\/div>\n<\/div>\n<\/div><\/div>\n\n\n\n<div class=\"wp-block-cover alignfull\" style=\"min-height:197px;aspect-ratio:unset;\"><span aria-hidden=\"true\" class=\"wp-block-cover__background has-ast-global-color-5-background-color has-background-dim-100 has-background-dim\"><\/span><div class=\"wp-block-cover__inner-container is-layout-flow wp-block-cover-is-layout-flow\">\n<h2 class=\"has-black-color has-text-color wp-block-heading\">\u00bfC\u00f3mo trabajar los ejercicios pr\u00e1cticos de esta unidad?<\/h2>\n\n\n\n<div class=\"wp-block-columns is-layout-flex wp-container-core-columns-is-layout-28f84493 wp-block-columns-is-layout-flex\">\n<div class=\"wp-block-column is-layout-flow wp-block-column-is-layout-flow\" style=\"flex-basis:66.66%\">\n<ul class=\"has-black-color has-text-color wp-block-list\"><li>Prueba de evaluaci\u00f3n donde se deber\u00e1n plasmar todos los conocimientos y conceptos te\u00f3ricos adquiridos a lo largo de esta unidad. <\/li><\/ul>\n<\/div>\n\n\n\n<div class=\"wp-block-column is-layout-flow wp-block-column-is-layout-flow\" style=\"flex-basis:33.33%\">\n<div class=\"wp-block-buttons is-layout-flex wp-block-buttons-is-layout-flex\">\n<div class=\"wp-block-button\"><a class=\"wp-block-button__link\" href=\"https:\/\/es.liveworksheets.com\/xy2056254mg\">Documento<\/a><\/div>\n<\/div>\n<\/div>\n<\/div>\n<\/div><\/div>\n\n\n\n<div class=\"wp-block-cover alignfull\" style=\"min-height:197px;aspect-ratio:unset;\"><span aria-hidden=\"true\" class=\"wp-block-cover__background has-ast-global-color-5-background-color has-background-dim-100 has-background-dim\"><\/span><div class=\"wp-block-cover__inner-container is-layout-flow wp-block-cover-is-layout-flow\">\n<h2 class=\"has-black-color has-text-color wp-block-heading\">Para experimentar&#8230; <\/h2>\n\n\n\n<div class=\"wp-block-columns is-layout-flex wp-container-core-columns-is-layout-28f84493 wp-block-columns-is-layout-flex\">\n<div class=\"wp-block-column is-layout-flow wp-block-column-is-layout-flow\" style=\"flex-basis:66.66%\">\n<ul class=\"has-black-color has-text-color wp-block-list\"><li>En esta unidad, la buena compresi\u00f3n los factores de conversi\u00f3n para la realizaci\u00f3n de los ejercicios es un pilar fundamental para la resoluci\u00f3n de ejercicios en los temas posteriores. Por ello, se har\u00e1 uso del siguiente recurso web en el que se nos indicar\u00e1 paso a paso c\u00f3mo trabajar para comprender y realizar de forma satisfactoria estas conversiones, evitando as\u00ed el tener que utilizar las reglas de tres. <\/li><\/ul>\n\n\n\n<p><\/p>\n<\/div>\n\n\n\n<div class=\"wp-block-column is-layout-flow wp-block-column-is-layout-flow\" style=\"flex-basis:33.33%\">\n<div class=\"wp-block-buttons is-layout-flex wp-block-buttons-is-layout-flex\">\n<div class=\"wp-block-button\"><a class=\"wp-block-button__link\" href=\"https:\/\/www.thatquiz.org\/es\/practicetest?9y7cunaye8ct\">Web del recurso<\/a><\/div>\n<\/div>\n<\/div>\n<\/div>\n\n\n\n<div class=\"wp-block-columns is-layout-flex wp-container-core-columns-is-layout-28f84493 wp-block-columns-is-layout-flex\">\n<div class=\"wp-block-column is-layout-flow wp-block-column-is-layout-flow\">\n<figure class=\"wp-block-image aligncenter size-full is-resized\"><img loading=\"lazy\" decoding=\"async\" src=\"https:\/\/www.amoldequimica.com\/wp-content\/uploads\/2022\/08\/Recurso-Conversor-de-Unidades-1.png\" alt=\"\" class=\"wp-image-1431\" width=\"404\" height=\"292\" srcset=\"https:\/\/www.amoldequimica.com\/wp-content\/uploads\/2022\/08\/Recurso-Conversor-de-Unidades-1.png 468w, https:\/\/www.amoldequimica.com\/wp-content\/uploads\/2022\/08\/Recurso-Conversor-de-Unidades-1-300x217.png 300w\" sizes=\"auto, (max-width: 404px) 100vw, 404px\" \/><\/figure>\n<\/div>\n\n\n\n<div class=\"wp-block-column is-layout-flow wp-block-column-is-layout-flow\">\n<figure class=\"wp-block-image aligncenter size-full is-resized\"><img loading=\"lazy\" decoding=\"async\" src=\"https:\/\/www.amoldequimica.com\/wp-content\/uploads\/2022\/08\/Recurso-Conversor-de-Unidades-2-1.png\" alt=\"\" class=\"wp-image-1433\" width=\"399\" height=\"294\" srcset=\"https:\/\/www.amoldequimica.com\/wp-content\/uploads\/2022\/08\/Recurso-Conversor-de-Unidades-2-1.png 460w, https:\/\/www.amoldequimica.com\/wp-content\/uploads\/2022\/08\/Recurso-Conversor-de-Unidades-2-1-300x221.png 300w\" sizes=\"auto, (max-width: 399px) 100vw, 399px\" \/><\/figure>\n<\/div>\n<\/div>\n<\/div><\/div>\n\n\n\n<div class=\"wp-block-cover alignfull\" style=\"min-height:197px;aspect-ratio:unset;\"><span aria-hidden=\"true\" class=\"wp-block-cover__background has-ast-global-color-5-background-color has-background-dim-100 has-background-dim\"><\/span><div class=\"wp-block-cover__inner-container is-layout-flow wp-block-cover-is-layout-flow\">\n<h2 class=\"has-black-color has-text-color wp-block-heading\">Gamificaci\u00f3n<\/h2>\n\n\n\n<div class=\"wp-block-columns is-layout-flex wp-container-core-columns-is-layout-28f84493 wp-block-columns-is-layout-flex\">\n<div class=\"wp-block-column is-layout-flow wp-block-column-is-layout-flow\" style=\"flex-basis:66.66%\">\n<ul class=\"has-black-color has-text-color wp-block-list\"><li>Juego realizado con la plataforma Quizizz, donde deber\u00e1n responder 14 preguntas, todas ellas relacionadas con la presente unidad.<\/li><\/ul>\n<\/div>\n\n\n\n<div class=\"wp-block-column is-layout-flow wp-block-column-is-layout-flow\" style=\"flex-basis:33.33%\">\n<div class=\"wp-block-buttons is-layout-flex wp-block-buttons-is-layout-flex\">\n<div class=\"wp-block-button\"><a class=\"wp-block-button__link\" href=\"https:\/\/quizizz.com\/admin\/quiz\/628ca897259d88001dad3528\/magnitudes-y-unidades\">Enlace Quizizz<\/a><\/div>\n<\/div>\n<\/div>\n<\/div>\n<\/div><\/div>\n","protected":false},"excerpt":{"rendered":"<p>Previo al inicio del tema Se recomienda la visualizaci\u00f3n de este v\u00eddeo que se encuentra en el canal de Youtube &#8216;Scienza Educaci\u00f3n&#8216; y en el que se nos introduce el concepto de magnitud y un claro resumen de las magnitudes vectoriales y escalares.<\/p>\n","protected":false},"author":1,"featured_media":0,"parent":1340,"menu_order":2,"comment_status":"closed","ping_status":"closed","template":"","meta":{"_uag_custom_page_level_css":"","site-sidebar-layout":"default","site-content-layout":"default","ast-global-header-display":"","ast-banner-title-visibility":"","ast-main-header-display":"","ast-hfb-above-header-display":"","ast-hfb-below-header-display":"","ast-hfb-mobile-header-display":"","site-post-title":"","ast-breadcrumbs-content":"","ast-featured-img":"","footer-sml-layout":"","theme-transparent-header-meta":"","adv-header-id-meta":"","stick-header-meta":"","header-above-stick-meta":"","header-main-stick-meta":"","header-below-stick-meta":"","footnotes":""},"class_list":["post-1427","page","type-page","status-publish","hentry"],"uagb_featured_image_src":{"full":false,"thumbnail":false,"medium":false,"medium_large":false,"large":false,"1536x1536":false,"2048x2048":false},"uagb_author_info":{"display_name":"admin","author_link":"https:\/\/www.amoldequimica.com\/index.php\/author\/admin\/"},"uagb_comment_info":0,"uagb_excerpt":"Previo al inicio del tema Se recomienda la visualizaci\u00f3n de este v\u00eddeo que se encuentra en el canal de Youtube &#8216;Scienza Educaci\u00f3n&#8216; y en el que se nos introduce el concepto de magnitud y un claro resumen de las magnitudes vectoriales y escalares.","_links":{"self":[{"href":"https:\/\/www.amoldequimica.com\/index.php\/wp-json\/wp\/v2\/pages\/1427","targetHints":{"allow":["GET"]}}],"collection":[{"href":"https:\/\/www.amoldequimica.com\/index.php\/wp-json\/wp\/v2\/pages"}],"about":[{"href":"https:\/\/www.amoldequimica.com\/index.php\/wp-json\/wp\/v2\/types\/page"}],"author":[{"embeddable":true,"href":"https:\/\/www.amoldequimica.com\/index.php\/wp-json\/wp\/v2\/users\/1"}],"replies":[{"embeddable":true,"href":"https:\/\/www.amoldequimica.com\/index.php\/wp-json\/wp\/v2\/comments?post=1427"}],"version-history":[{"count":4,"href":"https:\/\/www.amoldequimica.com\/index.php\/wp-json\/wp\/v2\/pages\/1427\/revisions"}],"predecessor-version":[{"id":1438,"href":"https:\/\/www.amoldequimica.com\/index.php\/wp-json\/wp\/v2\/pages\/1427\/revisions\/1438"}],"up":[{"embeddable":true,"href":"https:\/\/www.amoldequimica.com\/index.php\/wp-json\/wp\/v2\/pages\/1340"}],"wp:attachment":[{"href":"https:\/\/www.amoldequimica.com\/index.php\/wp-json\/wp\/v2\/media?parent=1427"}],"curies":[{"name":"wp","href":"https:\/\/api.w.org\/{rel}","templated":true}]}}