{"id":1414,"date":"2022-08-25T01:29:00","date_gmt":"2022-08-25T01:29:00","guid":{"rendered":"https:\/\/www.amoldequimica.com\/?page_id=1414"},"modified":"2022-08-25T02:22:44","modified_gmt":"2022-08-25T02:22:44","slug":"unidad-3-el-atomo","status":"publish","type":"page","link":"https:\/\/www.amoldequimica.com\/index.php\/cursos\/3-eso\/unidad-3-el-atomo\/","title":{"rendered":"Unidad 3. El \u00e1tomo."},"content":{"rendered":"\n<div class=\"wp-block-cover alignfull\" style=\"min-height:153px;aspect-ratio:unset;\"><span aria-hidden=\"true\" class=\"wp-block-cover__background has-ast-global-color-5-background-color has-background-dim-100 has-background-dim\"><\/span><div class=\"wp-block-cover__inner-container is-layout-flow wp-block-cover-is-layout-flow\">\n<h2 class=\"has-black-color has-text-color wp-block-heading\">Objetivos de la unidad<\/h2>\n\n\n\n<p class=\"has-black-color has-text-color\">Conocer la estructura de la materia y su constituci\u00f3n por part\u00edculas cargadas el\u00e9ctricamente.<br>\u2022 Conocer los diferentes modelos at\u00f3micos de constituci\u00f3n de la materia.<br>\u2022 Saber identificar las part\u00edculas subat\u00f3micas y sus propiedades m\u00e1s destacadas.<br>\u2022 Explicar la constituci\u00f3n del n\u00facleo at\u00f3mico y c\u00f3mo se distribuyen los electrones en los diferentes niveles electr\u00f3nicos.<br>\u2022 Saber definir y aprender los conceptos de n\u00famero at\u00f3mico, n\u00famero m\u00e1sico y masa at\u00f3mica.<br>\u2022 Entender los conceptos de ion e is\u00f3topo.<br>\u2022 Conocer las aplicaciones de los is\u00f3topos radiactivos.<\/p>\n<\/div><\/div>\n\n\n\n<p><\/p>\n\n\n\n<div class=\"wp-block-cover alignfull\" style=\"min-height:50px;aspect-ratio:unset;\"><span aria-hidden=\"true\" class=\"wp-block-cover__background has-ast-global-color-5-background-color has-background-dim-100 has-background-dim\"><\/span><div class=\"wp-block-cover__inner-container is-layout-flow wp-block-cover-is-layout-flow\">\n<h2 class=\"has-black-color has-text-color wp-block-heading\">Previo al inicio del tema<\/h2>\n\n\n\n<div class=\"wp-block-columns is-layout-flex wp-container-core-columns-is-layout-28f84493 wp-block-columns-is-layout-flex\">\n<div class=\"wp-block-column is-layout-flow wp-block-column-is-layout-flow\" style=\"flex-basis:66.66%\">\n<ul class=\"has-black-color has-text-color wp-block-list\"><li>La mejor manera para comenzar a introducir los conceptos de la unidad consiste en la visualizaci\u00f3n del siguiente v\u00eddeo de \u201cAntonioProfe\u201d donde se muestra a grandes rasgos los contenidos a adquirir.<\/li><\/ul>\n<\/div>\n\n\n\n<div class=\"wp-block-column is-layout-flow wp-block-column-is-layout-flow\" style=\"flex-basis:33.33%\">\n<div class=\"wp-block-buttons is-layout-flex wp-block-buttons-is-layout-flex\">\n<div class=\"wp-block-button\"><a class=\"wp-block-button__link\" href=\"https:\/\/www.youtube.com\/watch?v=GR4GQO_WdLg&amp;ab_channel=AntonioProfe\">Enlace Youtube<\/a><\/div>\n<\/div>\n<\/div>\n<\/div>\n<\/div><\/div>\n\n\n\n<p><\/p>\n\n\n\n<div class=\"wp-block-cover alignfull\" style=\"min-height:197px;aspect-ratio:unset;\"><span aria-hidden=\"true\" class=\"wp-block-cover__background has-ast-global-color-5-background-color has-background-dim-100 has-background-dim\"><\/span><div class=\"wp-block-cover__inner-container is-layout-flow wp-block-cover-is-layout-flow\">\n<h2 class=\"has-black-color has-text-color wp-block-heading\">\u00bfC\u00f3mo trabajar los conceptos te\u00f3ricos de esta unidad?<\/h2>\n\n\n\n<div class=\"wp-block-columns is-layout-flex wp-container-core-columns-is-layout-28f84493 wp-block-columns-is-layout-flex\">\n<div class=\"wp-block-column is-layout-flow wp-block-column-is-layout-flow\" style=\"flex-basis:66.66%\">\n<ul class=\"has-black-color has-text-color wp-block-list\"><li>En el siguiente documento se explicar\u00e1 c\u00f3mo est\u00e1 formada la materia, las diferentes part\u00edculas subat\u00f3micas y los conceptos de n\u00famero at\u00f3mico, m\u00e1sico y masa at\u00f3mica, as\u00ed como lo que es un is\u00f3topo radiactivo.<\/li><\/ul>\n<\/div>\n\n\n\n<div class=\"wp-block-column is-layout-flow wp-block-column-is-layout-flow\" style=\"flex-basis:33.33%\">\n<div class=\"wp-block-buttons is-layout-flex wp-block-buttons-is-layout-flex\">\n<div class=\"wp-block-button\"><a class=\"wp-block-button__link\" href=\"https:\/\/docs.google.com\/document\/d\/1qnN-StftnBlhl02Vrkt-fjv9G1THS6iB9o-g737z7F4\/edit\">PDF<\/a><\/div>\n<\/div>\n<\/div>\n<\/div>\n\n\n\n<div class=\"wp-block-columns is-layout-flex wp-container-core-columns-is-layout-28f84493 wp-block-columns-is-layout-flex\">\n<div class=\"wp-block-column is-layout-flow wp-block-column-is-layout-flow\" style=\"flex-basis:66.66%\">\n<ul class=\"has-black-color has-text-color wp-block-list\"><li>Los objetivos restantes se van a alcanzar gracias al siguiente documento<\/li><\/ul>\n<\/div>\n\n\n\n<div class=\"wp-block-column is-layout-flow wp-block-column-is-layout-flow\" style=\"flex-basis:33.33%\">\n<div class=\"wp-block-buttons is-layout-flex wp-block-buttons-is-layout-flex\">\n<div class=\"wp-block-button\"><a class=\"wp-block-button__link\" href=\"https:\/\/blogsaverroes.juntadeandalucia.es\/fisicayquimicaiesramonycajal\/files\/2015\/12\/Resumen-Tema-2-El-%C3%A1tomo.pdf\">pDF<\/a><\/div>\n<\/div>\n<\/div>\n<\/div>\n<\/div><\/div>\n\n\n\n<p><\/p>\n\n\n\n<div class=\"wp-block-cover alignfull\" style=\"min-height:197px;aspect-ratio:unset;\"><span aria-hidden=\"true\" class=\"wp-block-cover__background has-ast-global-color-5-background-color has-background-dim-100 has-background-dim\"><\/span><div class=\"wp-block-cover__inner-container is-layout-flow wp-block-cover-is-layout-flow\">\n<h2 class=\"has-black-color has-text-color wp-block-heading\">Para experimentar&#8230; <\/h2>\n\n\n\n<div class=\"wp-block-columns is-layout-flex wp-container-core-columns-is-layout-28f84493 wp-block-columns-is-layout-flex\">\n<div class=\"wp-block-column is-layout-flow wp-block-column-is-layout-flow\" style=\"flex-basis:66.66%\">\n<ul class=\"has-black-color has-text-color wp-block-list\"><li>En este apartado de la unidad 3 facilito el simulador Phet en el que se podr\u00e1n realizar actividades como utilizar un n\u00famero de protones, neutrones y electrones para dibujar un modelo de \u00e1tomo, o de identificar el elemento y determinar la masa y la carga. Asimismo, dentro del mismo simulador encuentraremos diversos juegos como, por ejemplo, el de determinar la carga total, el s\u00edmbolo qu\u00edmico o el estado de oxidaci\u00f3n, entre otros.<\/li><\/ul>\n\n\n\n<p><\/p>\n<\/div>\n\n\n\n<div class=\"wp-block-column is-layout-flow wp-block-column-is-layout-flow\" style=\"flex-basis:33.33%\">\n<div class=\"wp-block-buttons is-content-justification-left is-layout-flex wp-container-core-buttons-is-layout-fc4fd283 wp-block-buttons-is-layout-flex\">\n<div class=\"wp-block-button\"><a class=\"wp-block-button__link\" href=\"https:\/\/phet.colorado.edu\/es\/simulations\/build-an-atom\">Simulador Phet<\/a><\/div>\n<\/div>\n<\/div>\n<\/div>\n\n\n\n<div class=\"wp-block-columns is-layout-flex wp-container-core-columns-is-layout-28f84493 wp-block-columns-is-layout-flex\">\n<div class=\"wp-block-column is-layout-flow wp-block-column-is-layout-flow\">\n<figure class=\"wp-block-image size-full\"><img loading=\"lazy\" decoding=\"async\" width=\"952\" height=\"527\" src=\"https:\/\/www.amoldequimica.com\/wp-content\/uploads\/2022\/08\/Simulador-Phet-1.png\" alt=\"\" class=\"wp-image-1419\" srcset=\"https:\/\/www.amoldequimica.com\/wp-content\/uploads\/2022\/08\/Simulador-Phet-1.png 952w, https:\/\/www.amoldequimica.com\/wp-content\/uploads\/2022\/08\/Simulador-Phet-1-300x166.png 300w, https:\/\/www.amoldequimica.com\/wp-content\/uploads\/2022\/08\/Simulador-Phet-1-768x425.png 768w\" sizes=\"auto, (max-width: 952px) 100vw, 952px\" \/><\/figure>\n<\/div>\n\n\n\n<div class=\"wp-block-column is-layout-flow wp-block-column-is-layout-flow\">\n<figure class=\"wp-block-image size-full\"><img loading=\"lazy\" decoding=\"async\" width=\"989\" height=\"532\" src=\"https:\/\/www.amoldequimica.com\/wp-content\/uploads\/2022\/08\/Simulador-Phet-2.png\" alt=\"\" class=\"wp-image-1420\" srcset=\"https:\/\/www.amoldequimica.com\/wp-content\/uploads\/2022\/08\/Simulador-Phet-2.png 989w, https:\/\/www.amoldequimica.com\/wp-content\/uploads\/2022\/08\/Simulador-Phet-2-300x161.png 300w, https:\/\/www.amoldequimica.com\/wp-content\/uploads\/2022\/08\/Simulador-Phet-2-768x413.png 768w\" sizes=\"auto, (max-width: 989px) 100vw, 989px\" \/><\/figure>\n<\/div>\n<\/div>\n<\/div><\/div>\n\n\n\n<p><\/p>\n\n\n\n<p><\/p>\n\n\n\n<div class=\"wp-block-cover alignfull\" style=\"min-height:50px;aspect-ratio:unset;\"><span aria-hidden=\"true\" class=\"wp-block-cover__background has-ast-global-color-5-background-color has-background-dim-100 has-background-dim\"><\/span><div class=\"wp-block-cover__inner-container is-layout-flow wp-block-cover-is-layout-flow\">\n<h2 class=\"has-black-color has-text-color wp-block-heading\">Aplicaci\u00f3n m\u00f3vil \u00fatil<\/h2>\n\n\n\n<div class=\"wp-block-columns is-layout-flex wp-container-core-columns-is-layout-28f84493 wp-block-columns-is-layout-flex\">\n<div class=\"wp-block-column is-layout-flow wp-block-column-is-layout-flow\" style=\"flex-basis:100%\">\n<div class=\"wp-block-columns is-layout-flex wp-container-core-columns-is-layout-28f84493 wp-block-columns-is-layout-flex\">\n<div class=\"wp-block-column is-layout-flow wp-block-column-is-layout-flow\" style=\"flex-basis:33.33%\">\n<figure class=\"wp-block-image aligncenter size-full is-resized\"><a href=\"https:\/\/play.google.com\/store\/apps\/details?id=es.mafn.chemdroidcp&amp;hl=es_419&amp;gl=US\"><img loading=\"lazy\" decoding=\"async\" src=\"https:\/\/www.amoldequimica.com\/wp-content\/uploads\/2022\/08\/Suite-Quimica-Gratuita-1.png\" alt=\"\" class=\"wp-image-1422\" width=\"179\" height=\"179\" srcset=\"https:\/\/www.amoldequimica.com\/wp-content\/uploads\/2022\/08\/Suite-Quimica-Gratuita-1.png 512w, https:\/\/www.amoldequimica.com\/wp-content\/uploads\/2022\/08\/Suite-Quimica-Gratuita-1-300x300.png 300w, https:\/\/www.amoldequimica.com\/wp-content\/uploads\/2022\/08\/Suite-Quimica-Gratuita-1-150x150.png 150w\" sizes=\"auto, (max-width: 179px) 100vw, 179px\" \/><\/a><\/figure>\n<\/div>\n\n\n\n<div class=\"wp-block-column is-vertically-aligned-center is-layout-flow wp-block-column-is-layout-flow\" style=\"flex-basis:66.66%\">\n<ul class=\"has-black-color has-text-color wp-block-list\"><li>La App <strong><a href=\"https:\/\/play.google.com\/store\/apps\/details?id=es.mafn.chemdroidcp&amp;hl=es_419&amp;gl=US\">Suite Qu\u00edmica Gratuita<\/a><\/strong> la podemos aprovechar pues nos facilita entre otras cosas los c\u00e1lculos de la masa, la concentraci\u00f3n, el volumen y el peso molecular.<\/li><\/ul>\n<\/div>\n<\/div>\n<\/div>\n<\/div>\n<\/div><\/div>\n\n\n\n<p><\/p>\n\n\n\n<div class=\"wp-block-cover alignfull\" style=\"min-height:197px;aspect-ratio:unset;\"><span aria-hidden=\"true\" class=\"wp-block-cover__background has-ast-global-color-5-background-color has-background-dim-100 has-background-dim\"><\/span><div class=\"wp-block-cover__inner-container is-layout-flow wp-block-cover-is-layout-flow\">\n<h2 class=\"has-black-color has-text-color wp-block-heading\">Gamificaci\u00f3n<\/h2>\n\n\n\n<div class=\"wp-block-columns is-layout-flex wp-container-core-columns-is-layout-28f84493 wp-block-columns-is-layout-flex\">\n<div class=\"wp-block-column is-layout-flow wp-block-column-is-layout-flow\" style=\"flex-basis:66.66%\">\n<ul class=\"has-black-color has-text-color wp-block-list\"><li>La gamificaci\u00f3n correspondiente a esta unidad va a ir orientada a la realizaci\u00f3n de un juego interactivo denominado \u201cQuiz at\u00f3mico. Navega acertando o te perder\u00e1s\u201d, creado con la aplicaci\u00f3n \u00abGenially\u00bb. En \u00e9l, deber\u00e1s resolver 10 preguntas de respuestas m\u00faltiples. Mientras aciertes, el barco seguir\u00e1 navegando hacia un puerto, pero en el momento que falles, el faro se apagar\u00e1 y tu barco perder\u00e1 el rumbo. <\/li><\/ul>\n<\/div>\n\n\n\n<div class=\"wp-block-column is-layout-flow wp-block-column-is-layout-flow\" style=\"flex-basis:33.33%\">\n<div class=\"wp-block-buttons is-content-justification-left is-layout-flex wp-container-core-buttons-is-layout-0e5a4d8e wp-block-buttons-is-layout-flex\">\n<div class=\"wp-block-button\"><a class=\"wp-block-button__link\" href=\"https:\/\/view.genial.ly\/6287b2dd063c6c0011c3e4b9\/interactive-content-quiz-velero\">Genially<\/a><\/div>\n<\/div>\n<\/div>\n<\/div>\n\n\n\n<div class=\"wp-block-columns is-layout-flex wp-container-core-columns-is-layout-28f84493 wp-block-columns-is-layout-flex\">\n<div class=\"wp-block-column is-layout-flow wp-block-column-is-layout-flow\">\n<figure class=\"wp-block-image size-large\"><img loading=\"lazy\" decoding=\"async\" width=\"1024\" height=\"525\" src=\"https:\/\/www.amoldequimica.com\/wp-content\/uploads\/2022\/08\/Quizz-Atomico-Genially-1-1024x525.png\" alt=\"\" class=\"wp-image-1423\" srcset=\"https:\/\/www.amoldequimica.com\/wp-content\/uploads\/2022\/08\/Quizz-Atomico-Genially-1-1024x525.png 1024w, https:\/\/www.amoldequimica.com\/wp-content\/uploads\/2022\/08\/Quizz-Atomico-Genially-1-300x154.png 300w, https:\/\/www.amoldequimica.com\/wp-content\/uploads\/2022\/08\/Quizz-Atomico-Genially-1-768x394.png 768w, https:\/\/www.amoldequimica.com\/wp-content\/uploads\/2022\/08\/Quizz-Atomico-Genially-1.png 1048w\" sizes=\"auto, (max-width: 1024px) 100vw, 1024px\" \/><\/figure>\n<\/div>\n\n\n\n<div class=\"wp-block-column is-layout-flow wp-block-column-is-layout-flow\">\n<figure class=\"wp-block-image size-large\"><img loading=\"lazy\" decoding=\"async\" width=\"1024\" height=\"518\" src=\"https:\/\/www.amoldequimica.com\/wp-content\/uploads\/2022\/08\/Quizz-Atomico-Genially-2-1024x518.png\" alt=\"\" class=\"wp-image-1424\" srcset=\"https:\/\/www.amoldequimica.com\/wp-content\/uploads\/2022\/08\/Quizz-Atomico-Genially-2-1024x518.png 1024w, https:\/\/www.amoldequimica.com\/wp-content\/uploads\/2022\/08\/Quizz-Atomico-Genially-2-300x152.png 300w, https:\/\/www.amoldequimica.com\/wp-content\/uploads\/2022\/08\/Quizz-Atomico-Genially-2-768x389.png 768w, https:\/\/www.amoldequimica.com\/wp-content\/uploads\/2022\/08\/Quizz-Atomico-Genially-2.png 1045w\" sizes=\"auto, (max-width: 1024px) 100vw, 1024px\" \/><\/figure>\n<\/div>\n<\/div>\n<\/div><\/div>\n","protected":false},"excerpt":{"rendered":"","protected":false},"author":1,"featured_media":0,"parent":1340,"menu_order":2,"comment_status":"closed","ping_status":"closed","template":"","meta":{"_uag_custom_page_level_css":"","site-sidebar-layout":"default","site-content-layout":"default","ast-global-header-display":"","ast-banner-title-visibility":"","ast-main-header-display":"","ast-hfb-above-header-display":"","ast-hfb-below-header-display":"","ast-hfb-mobile-header-display":"","site-post-title":"","ast-breadcrumbs-content":"","ast-featured-img":"","footer-sml-layout":"","theme-transparent-header-meta":"","adv-header-id-meta":"","stick-header-meta":"","header-above-stick-meta":"","header-main-stick-meta":"","header-below-stick-meta":"","footnotes":""},"class_list":["post-1414","page","type-page","status-publish","hentry"],"uagb_featured_image_src":{"full":false,"thumbnail":false,"medium":false,"medium_large":false,"large":false,"1536x1536":false,"2048x2048":false},"uagb_author_info":{"display_name":"admin","author_link":"https:\/\/www.amoldequimica.com\/index.php\/author\/admin\/"},"uagb_comment_info":0,"uagb_excerpt":null,"_links":{"self":[{"href":"https:\/\/www.amoldequimica.com\/index.php\/wp-json\/wp\/v2\/pages\/1414","targetHints":{"allow":["GET"]}}],"collection":[{"href":"https:\/\/www.amoldequimica.com\/index.php\/wp-json\/wp\/v2\/pages"}],"about":[{"href":"https:\/\/www.amoldequimica.com\/index.php\/wp-json\/wp\/v2\/types\/page"}],"author":[{"embeddable":true,"href":"https:\/\/www.amoldequimica.com\/index.php\/wp-json\/wp\/v2\/users\/1"}],"replies":[{"embeddable":true,"href":"https:\/\/www.amoldequimica.com\/index.php\/wp-json\/wp\/v2\/comments?post=1414"}],"version-history":[{"count":4,"href":"https:\/\/www.amoldequimica.com\/index.php\/wp-json\/wp\/v2\/pages\/1414\/revisions"}],"predecessor-version":[{"id":1425,"href":"https:\/\/www.amoldequimica.com\/index.php\/wp-json\/wp\/v2\/pages\/1414\/revisions\/1425"}],"up":[{"embeddable":true,"href":"https:\/\/www.amoldequimica.com\/index.php\/wp-json\/wp\/v2\/pages\/1340"}],"wp:attachment":[{"href":"https:\/\/www.amoldequimica.com\/index.php\/wp-json\/wp\/v2\/media?parent=1414"}],"curies":[{"name":"wp","href":"https:\/\/api.w.org\/{rel}","templated":true}]}}